{"id":2639,"date":"2017-09-06T21:03:19","date_gmt":"2017-09-06T19:03:19","guid":{"rendered":"http:\/\/www.amokfisch.de\/blog\/?page_id=2639"},"modified":"2017-09-06T21:05:48","modified_gmt":"2017-09-06T19:05:48","slug":"warum","status":"publish","type":"page","link":"https:\/\/www.amokfisch.de\/blog\/?page_id=2639","title":{"rendered":"Warum?"},"content":{"rendered":"<p>Was ist der Beweggrund f\u00fcr diese aufwendige Seite im Netz? Sie soll mit knapp 500 selbst gefertigten Eintr\u00e4gen einen Eindruck \u00fcber das Wirken des Genossen amokfisch abliefern. Hier befinden sich Gem\u00e4lde, Gedichte, Musik, Gespr\u00e4che, Kritiken, Tagebucheintr\u00e4ge, Versuche, Leserbriefe, Pressemitteilungen. Die Etikettenwolke bietet Anla\u00df zum gezielten St\u00f6bern. Das G\u00e4stebuch ruft nach neuen Eintr\u00e4gen. Neue Freundinnen klopfen an, Kolleginnen schauen nach, Bekannte finden nach Jahren wieder den Kontakt. Und jede Woche ein neuer Eintrag. Wenn das nicht Sinn macht, was dann?<\/p>\n","protected":false},"excerpt":{"rendered":"<p>Was ist der Beweggrund f\u00fcr diese aufwendige Seite im Netz? Sie soll mit knapp 500 selbst gefertigten Eintr\u00e4gen einen Eindruck \u00fcber das Wirken des Genossen amokfisch abliefern. Hier befinden sich Gem\u00e4lde, Gedichte, Musik, Gespr\u00e4che, Kritiken, Tagebucheintr\u00e4ge, Versuche, Leserbriefe, Pressemitteilungen. Die Etikettenwolke bietet Anla\u00df zum gezielten St\u00f6bern. Das G\u00e4stebuch ruft nach neuen Eintr\u00e4gen. Neue Freundinnen klopfen [&hellip;]<\/p>\n","protected":false},"author":2,"featured_media":0,"parent":0,"menu_order":0,"comment_status":"open","ping_status":"open","template":"","meta":[],"_links":{"self":[{"href":"https:\/\/www.amokfisch.de\/blog\/index.php?rest_route=\/wp\/v2\/pages\/2639"}],"collection":[{"href":"https:\/\/www.amokfisch.de\/blog\/index.php?rest_route=\/wp\/v2\/pages"}],"about":[{"href":"https:\/\/www.amokfisch.de\/blog\/index.php?rest_route=\/wp\/v2\/types\/page"}],"author":[{"embeddable":true,"href":"https:\/\/www.amokfisch.de\/blog\/index.php?rest_route=\/wp\/v2\/users\/2"}],"replies":[{"embeddable":true,"href":"https:\/\/www.amokfisch.de\/blog\/index.php?rest_route=%2Fwp%2Fv2%2Fcomments&post=2639"}],"version-history":[{"count":3,"href":"https:\/\/www.amokfisch.de\/blog\/index.php?rest_route=\/wp\/v2\/pages\/2639\/revisions"}],"predecessor-version":[{"id":2643,"href":"https:\/\/www.amokfisch.de\/blog\/index.php?rest_route=\/wp\/v2\/pages\/2639\/revisions\/2643"}],"wp:attachment":[{"href":"https:\/\/www.amokfisch.de\/blog\/index.php?rest_route=%2Fwp%2Fv2%2Fmedia&parent=2639"}],"curies":[{"name":"wp","href":"https:\/\/api.w.org\/{rel}","templated":true}]}}