{"id":39,"date":"2008-10-10T10:05:19","date_gmt":"2008-10-10T08:05:19","guid":{"rendered":"http:\/\/www.amokfisch.de\/blog\/?page_id=39"},"modified":"2024-06-11T23:24:52","modified_gmt":"2024-06-11T21:24:52","slug":"impressum","status":"publish","type":"page","link":"https:\/\/www.amokfisch.de\/blog\/?page_id=39","title":{"rendered":"Impressum"},"content":{"rendered":"<p>Diese Heimseite geh\u00f6rt:<\/p>\n<p>Genosse amokfisch<\/p>\n<p><strong>Armin Fischer<\/strong><br \/>\nVoithstra\u00dfe 9<br \/>\n70736 Fellbach<\/p>\n<p>amokfisch@web.de<br \/>\n0711\/9065029<\/p>\n<p>www.rotrosagr\u00fcn.de<\/p>\n<p>Copyright 2008-2024, alle Rechte vorbehalten. Jegliche Vervielf\u00e4ltigung oder Weiterverbreitung von Texten, Musik, Bildern oder Sendungsmitschnitten in jedem Medium als Ganzes oder in Teilen bedarf der schriftlichen Zustimmung des Autors.<\/p>\n<p><strong>Haftungshinweise<\/strong><\/p>\n<p>Trotz sorgf\u00e4ltiger inhaltlicher Kontrolle \u00fcbernehmen wir keine Haftung f\u00fcr die Inhalte externer Links auf dieser Website. F\u00fcr den Inhalt der dort verlinkten Seiten sind ausschlie\u00dflich deren Betreiber verantwortlich.<\/p>\n<p>Website Administration:<br \/>\ngemeinhardt@gmail.com<\/p>\n","protected":false},"excerpt":{"rendered":"<p>Diese Heimseite geh\u00f6rt: Genosse amokfisch Armin Fischer Voithstra\u00dfe 9 70736 Fellbach amokfisch@web.de 0711\/9065029 www.rotrosagr\u00fcn.de Copyright 2008-2024, alle Rechte vorbehalten. Jegliche Vervielf\u00e4ltigung oder Weiterverbreitung von Texten, Musik, Bildern oder Sendungsmitschnitten in jedem Medium als Ganzes oder in Teilen bedarf der schriftlichen Zustimmung des Autors. Haftungshinweise Trotz sorgf\u00e4ltiger inhaltlicher Kontrolle \u00fcbernehmen wir keine Haftung f\u00fcr die Inhalte [&hellip;]<\/p>\n","protected":false},"author":1,"featured_media":0,"parent":0,"menu_order":3,"comment_status":"closed","ping_status":"closed","template":"","meta":[],"_links":{"self":[{"href":"https:\/\/www.amokfisch.de\/blog\/index.php?rest_route=\/wp\/v2\/pages\/39"}],"collection":[{"href":"https:\/\/www.amokfisch.de\/blog\/index.php?rest_route=\/wp\/v2\/pages"}],"about":[{"href":"https:\/\/www.amokfisch.de\/blog\/index.php?rest_route=\/wp\/v2\/types\/page"}],"author":[{"embeddable":true,"href":"https:\/\/www.amokfisch.de\/blog\/index.php?rest_route=\/wp\/v2\/users\/1"}],"replies":[{"embeddable":true,"href":"https:\/\/www.amokfisch.de\/blog\/index.php?rest_route=%2Fwp%2Fv2%2Fcomments&post=39"}],"version-history":[{"count":19,"href":"https:\/\/www.amokfisch.de\/blog\/index.php?rest_route=\/wp\/v2\/pages\/39\/revisions"}],"predecessor-version":[{"id":3322,"href":"https:\/\/www.amokfisch.de\/blog\/index.php?rest_route=\/wp\/v2\/pages\/39\/revisions\/3322"}],"wp:attachment":[{"href":"https:\/\/www.amokfisch.de\/blog\/index.php?rest_route=%2Fwp%2Fv2%2Fmedia&parent=39"}],"curies":[{"name":"wp","href":"https:\/\/api.w.org\/{rel}","templated":true}]}}