{"id":74,"date":"2008-10-31T00:16:03","date_gmt":"2008-10-30T22:16:03","guid":{"rendered":"http:\/\/www.amokfisch.de\/blog\/?page_id=74"},"modified":"2025-04-06T23:19:22","modified_gmt":"2025-04-06T21:19:22","slug":"kalender","status":"publish","type":"page","link":"https:\/\/www.amokfisch.de\/blog\/?page_id=74","title":{"rendered":"Biographie"},"content":{"rendered":"<p>Geboren an einem Sonntag am 6. August 1967 in der Charlottenklinik in Stuttgart. Als Kind anderthalb Jahre in Neapel und zwei Jahre in Rio de Janeiro. Aufgewachsen in Grunbach im Remstal. Grundschule in Grunbach, Abitur mit 2,0 1987 am Remstalgymnasium in Benzach (Weinstadt). Leistungskurse Mathematik und Franz\u00f6sisch, Grundkurs Physik (3. Pr\u00fcfungsfach) und Religion (m\u00fcndlich).<\/p>\n<p class=\"western\">Studium Werbewirtschaft und Werbetechnik an der Fachhochschule f\u00fcr Druck (heute Hochschule der Medien-HdM) Stuttgart von 1989 bis 1996. Diplom-Wirtschaftsingenieur (FH) mit 3,2. Diplom-Arbeit: \u201eVermarktungskonzeption f\u00fcr Einwandererliteratur in Deutschland\u201c.<\/p>\n<p class=\"western\">Arbeitspl\u00e4tze: deutsches Milit\u00e4r in Bayern, Klett Druck in Korb, Druckerei cantz in Bad Cannstatt und Ostfildern, Reproanstalt pkom in Stuttgart, service werbung in Stuttgart, Katholisches Bibelwerk in Stuttgart, Turmhaus Druckerei in Stuttgart, Evangelische Akademie in Bad Boll, Werbeagentur Karius &amp; Partner in Leonberg, sunny moon Musikvertrieb in Freiburg, Werbeagentur Brosig in Schorndorf, Theaterhaus Stuttgart (unbefristet).<\/p>\n<p class=\"western\">Politik: 1990 bis 1996 aktives Mitglied bei den Gr\u00fcnen. Mitarbeit bei drei Wahlk\u00e4mpfen, Kreisvorstand Rems, Landesvorstand Gr\u00fcn-Alternative Jugend Baden-W\u00fcrttemberg. Gr\u00fcndung gr\u00fcne Hochschulgruppe Stuttgart. Kulturreferent des Unabh\u00e4ngigen Studierendenausschusses (UStA) an der FH Druck. Vom Januar 2000 bis Januar 2014 Mitglied in der SPD (Pressesprecher im Stadtverband Fellbach, acht Jahre Beisitzer) und erfolgloser Kandidat bei der Gemeinderatswahl Fellbach 2009, ebenso auf der Liste DER LINKEN 2014 in der Stadt und im Rems-Murr-Kreis. Von Juli 2016 bis August 2022 Mitglied bei DEN LINKEN. Dort im Vorstand des Ortsverbands Fellbach\/Kernen, der mittlerweile aufgel\u00f6st wurde. Seit Mai 2019 Stadtrat im Fellbacher Gemeinderat f\u00fcr DIE LINKE, seit September 2022 in der SPD-Fraktion bis Juni 2024. Von Juli 2019 bis Januar 2022 Pressesprecher im Kreisvorstand DER LINKEN. Rems-Murr. Im September 2022 Wiedereintritt in die SPD. Seit M\u00e4rz 2023 erneut Beisitzer bei der SPD Fellbach, seit M\u00e4rz 2025 dort Pressesprecher. Schwerpunkte: Jugend, Hochschule, Einwanderung, Medien, Kultur, \u00d6kologie, Soziales, Minderheiten, Zivilgesellschaft, Kolonialismus, Rassismus, Behinderung. Grundhaltung: linksliberaler Radikaldemokrat.<\/p>\n<p class=\"western\">Radiojournalismus: von 1994 bis 2014 Mitglied beim Freien Radio f\u00fcr Stuttgart, Mitbegr\u00fcnder von Jazz funkt. Am ersten Samstag jeden Monats volxmusik (Weltpolitik und Weltmusik) von 19 bis 21 Uhr. G\u00e4ste dort: Reinhard Wollnik, Peter Grohmann, Doktor Klaus Hirsch+, Rolf Graser, Heinz Wienand, Wolfgang Schramm +, Sonya Winterberg, Guillermo Aparicio +, Rainer Waizel, Beate Kaebel+, Wiltrud R\u00f6sch-Metzler, Walter G\u00f6ller, Guy Akame, Reinhard Hauff, Markus Riek, Almut Oswald, Harald Ra\u00df, Andrej Kritenko +, Vahid Matejko, Hans-Peter Krause, Georg Pichler +, Dirk Lenz, Doktor Christian Winkle, Doktor Frank Dobner, Volker St\u00fccklen +, Egmont M\u00fcller, Geoff Rodoreda, Mila Kostadinovic, Daiana Maties, Gerd Rathgeb, Professor Doktor Tirmiziou Diallo, Frank Gloel, Doktor Michael Vonau, Parksch\u00fctzerinnen, Volker Klenk, Roland Blach, Brigitte und Winfried Bauer, G\u00f6kay Sofuoglu, Stefan Newerla, Sumi Panicker, Peter Lehmann, Peter Laufka, Jusuf Naoum, Elke Martin, Hans Martin Thill, Mirko Olostiak Brahms, Jasmina Mirasevic, Paul Ru\u00dfmann, Doktorin Susanne Berger +, Irina Rasskasowa, Doktor Wilfried Pfaff, Doktor Kamal Sido, Stefan B\u00fcrkle, Levent Genc G\u00fcrsoy, Klaus Hering. Diese Sendung habe ich im Sommer 2014 eingestellt.<\/p>\n<p class=\"western\">Gr\u00fcndung AnStifterFunken im Januar 2009, jeden zweiten Dienstag im Monat von 22 bis 24 Uhr. G\u00e4ste hier: Peter Grohmann, Nicolo Gueci, Patricia Caracciolo, Markus Riek, Harald Stingele, Ebbe K\u00f6gel, Evi Kunze, Susanne Streif, Burkhard Heinz, Ralf Bogen, Monika Lange-Tetzlaf, Beate Zela-Koort, Hans-Robert Schlecht. Ende\u00a0Dezember 2010 Austritt aus dieser Redaktion, sie sendete\u00a0darauf zwei Montage pro Monat von 16 bis 17 Uhr im Jahre 2011 und hat sich danach aufgel\u00f6st.<\/p>\n<p class=\"western\">Seit Januar 2010 Freitag morgens von 8\u00a0bis 10 Uhr das Jazzfr\u00fchst\u00fcck\u00a0anfangs mit Egmont M\u00fcller und Markus Riek bis M\u00e4rz 2011, danach\u00a0bis Anfang 2012 alleine. Seit M\u00e4rz 2012 ein Freitag pro Monat im Wechsel mit den Anderen aus der Redaktion Jazz funkt. 2014 wird diese Sendung durch den Jazzbrunch von 11 bis 13 Uhr ersetzt.<\/p>\n<p class=\"western\">Seit April 2018 wieder bei der Redaktion Jazz funkt und mit der monatlichen Sendung &#8222;die Fellb\u00e4cherin&#8220; jeden dritten Sonntag von 21 bis 23 Uhr. Hier lade ich bekannte G\u00e4ste aus Politik und Kultur von Fellbach ein. Da waren Dieter Keller, Christian Hinrichsen, Doktor Michael Vonau, Karl W\u00fcrz, Harald Ra\u00df, Winfried Bauer, Hans Fickelscher, Thomas Rotter, Ingrid Stanimirow, Jakowus Simeionidis, Sichui Mireine, Beate W\u00f6rner, Professor Martin Schrack, Ruth Lemaire, Andreas M\u00f6hlmann, Nadine Gothe, Reinhold Uetz, Constanze Bolliger, Gabriele Grill, Brigitte Bertram, Dagmar Uhlig, Luigi Pantisano, Poldi Tagle, Professor Doktor Tirmiziou Diallo, Gee Hye Lee, Doris Braune, Steffen Ellinger, Stephan Dieck, Christa Linsenmaier-Wolf, Julius Walter, Kurt Schmauder, Jolanda Ha\u00dfler und Marco Beckendorf, Woody und Flo, Sadik Zogay, Cathy Nzimbo Mpanu-Mpanu-Platho, Marina Cillessen, Kosovo-Pakt, Sebastian B\u00fcrkle.<\/p>\n<p>Die Galeere folgt ab Sommer 2024 der Fellb\u00e4cherin jeden zweiten und vierten Freitag im Monat von 9 bis 11 Uhr morgens.<\/p>\n<p class=\"western\">Mitgliedschaften: SPD (Pressesprecher in Fellbach), ver.di Fachbereich 8, Freies Radio f\u00fcr Stuttgart, evangelische Landeskirche W\u00fcrttemberg, Besinnungsweg Oeffingen, Kulturgemeinschaft Fellbach, Arbeiterwohlfahrt Fellbach, Kultour Schmiden, Kunstverein Fellbach, KunstWerk Fellbach (zweiter Vorsitzender), Verein f\u00fcr eine gerechte Welt (Weltladen Fellbach), Naturfreunde Fellbach, ARGE Nord-Ost, St\u00e4dtepartnerschaftsverein, Sparda-Bank Baden-W\u00fcrttemberg, Fellbacher Wohnungsbaugenossenschaft (FEWOG), Gesichtsbuch, Xing.<\/p>\n<p class=\"western\">Interessen: Jazz, Theologie, Astrophysik, Autorenfilm, Malerei des 20. Jahrhunderts, Weltmusik, Belletristik, Sachb\u00fccher, freier Tanz.<\/p>\n<p>6 Jahre alt ist meine linke Seite f\u00fcr Fellbach: <a href=\"http:\/\/www.rotrosagr\u00fcn.de\">http:\/\/www.rotrosagr\u00fcn.de<\/a><\/p>\n\n\n<p><\/p>\n","protected":false},"excerpt":{"rendered":"<p>Geboren an einem Sonntag am 6. August 1967 in der Charlottenklinik in Stuttgart. Als Kind anderthalb Jahre in Neapel und zwei Jahre in Rio de Janeiro. Aufgewachsen in Grunbach im Remstal. Grundschule in Grunbach, Abitur mit 2,0 1987 am Remstalgymnasium in Benzach (Weinstadt). Leistungskurse Mathematik und Franz\u00f6sisch, Grundkurs Physik (3. Pr\u00fcfungsfach) und Religion (m\u00fcndlich). Studium [&hellip;]<\/p>\n","protected":false},"author":1,"featured_media":0,"parent":0,"menu_order":0,"comment_status":"closed","ping_status":"closed","template":"","meta":[],"_links":{"self":[{"href":"https:\/\/www.amokfisch.de\/blog\/index.php?rest_route=\/wp\/v2\/pages\/74"}],"collection":[{"href":"https:\/\/www.amokfisch.de\/blog\/index.php?rest_route=\/wp\/v2\/pages"}],"about":[{"href":"https:\/\/www.amokfisch.de\/blog\/index.php?rest_route=\/wp\/v2\/types\/page"}],"author":[{"embeddable":true,"href":"https:\/\/www.amokfisch.de\/blog\/index.php?rest_route=\/wp\/v2\/users\/1"}],"replies":[{"embeddable":true,"href":"https:\/\/www.amokfisch.de\/blog\/index.php?rest_route=%2Fwp%2Fv2%2Fcomments&post=74"}],"version-history":[{"count":290,"href":"https:\/\/www.amokfisch.de\/blog\/index.php?rest_route=\/wp\/v2\/pages\/74\/revisions"}],"predecessor-version":[{"id":3366,"href":"https:\/\/www.amokfisch.de\/blog\/index.php?rest_route=\/wp\/v2\/pages\/74\/revisions\/3366"}],"wp:attachment":[{"href":"https:\/\/www.amokfisch.de\/blog\/index.php?rest_route=%2Fwp%2Fv2%2Fmedia&parent=74"}],"curies":[{"name":"wp","href":"https:\/\/api.w.org\/{rel}","templated":true}]}}